{"id":1413,"date":"2025-08-28T19:07:43","date_gmt":"2025-08-29T01:07:43","guid":{"rendered":"https:\/\/aeropuertotexcoco.mx\/?page_id=1413"},"modified":"2025-08-28T21:31:50","modified_gmt":"2025-08-29T03:31:50","slug":"volumen-2-tecnicos-y-especialistas","status":"publish","type":"page","link":"https:\/\/aeropuertotexcoco.mx\/?page_id=1413","title":{"rendered":"VOLUMEN 2 T\u00c9CNICOS Y ESPECIALISTAS"},"content":{"rendered":"\t\t<div data-elementor-type=\"wp-page\" data-elementor-id=\"1413\" class=\"elementor elementor-1413\" data-elementor-post-type=\"page\">\n\t\t\t\t<div class=\"elementor-element elementor-element-b342df1 e-flex e-con-boxed e-con e-parent\" data-id=\"b342df1\" data-element_type=\"container\">\n\t\t\t\t\t<div class=\"e-con-inner\">\n\t\t<div class=\"elementor-element elementor-element-fd14fa0 e-con-full e-flex e-con e-child\" data-id=\"fd14fa0\" data-element_type=\"container\">\n\t\t\t\t<div class=\"elementor-element elementor-element-f330581 elementor-widget-mobile__width-initial elementor-hidden-mobile elementor-widget elementor-widget-image\" data-id=\"f330581\" data-element_type=\"widget\" data-widget_type=\"image.default\">\n\t\t\t\t<div class=\"elementor-widget-container\">\n\t\t\t\t\t\t\t\t\t\t\t\t\t\t\t<img fetchpriority=\"high\" decoding=\"async\" width=\"502\" height=\"580\" src=\"https:\/\/aeropuertotexcoco.mx\/wp-content\/uploads\/2025\/03\/Tomo2.png\" class=\"attachment-large size-large wp-image-227\" alt=\"\" srcset=\"https:\/\/aeropuertotexcoco.mx\/wp-content\/uploads\/2025\/03\/Tomo2.png 502w, https:\/\/aeropuertotexcoco.mx\/wp-content\/uploads\/2025\/03\/Tomo2-260x300.png 260w\" sizes=\"(max-width: 502px) 100vw, 502px\" \/>\t\t\t\t\t\t\t\t\t\t\t\t\t\t\t<\/div>\n\t\t\t\t<\/div>\n\t\t\t\t<div class=\"elementor-element elementor-element-fb4df8e elementor-align-center elementor-widget-mobile__width-initial elementor-widget elementor-widget-button\" data-id=\"fb4df8e\" data-element_type=\"widget\" data-widget_type=\"button.default\">\n\t\t\t\t<div class=\"elementor-widget-container\">\n\t\t\t\t\t\t\t\t\t<div class=\"elementor-button-wrapper\">\n\t\t\t\t\t<a class=\"elementor-button elementor-button-link elementor-size-sm\" href=\"https:\/\/documentales.ceey.org.mx\/wp-content\/uploads\/2025\/03\/TEXCOCO-La-decision-del-presidente-VOL-2.pdf\">\n\t\t\t\t\t\t<span class=\"elementor-button-content-wrapper\">\n\t\t\t\t\t\t\t\t\t<span class=\"elementor-button-text\">Descarga<\/span>\n\t\t\t\t\t<\/span>\n\t\t\t\t\t<\/a>\n\t\t\t\t<\/div>\n\t\t\t\t\t\t\t\t<\/div>\n\t\t\t\t<\/div>\n\t\t\t\t<\/div>\n\t\t<div class=\"elementor-element elementor-element-c5478e1 e-con-full e-flex e-con e-child\" data-id=\"c5478e1\" data-element_type=\"container\">\n\t\t<div class=\"elementor-element elementor-element-4c5ab7e e-con-full e-flex e-con e-child\" data-id=\"4c5ab7e\" data-element_type=\"container\">\n\t\t\t\t<div class=\"elementor-element elementor-element-66b77f1 elementor-widget-mobile__width-initial elementor-hidden-desktop elementor-hidden-tablet elementor-widget elementor-widget-image\" data-id=\"66b77f1\" data-element_type=\"widget\" data-widget_type=\"image.default\">\n\t\t\t\t<div class=\"elementor-widget-container\">\n\t\t\t\t\t\t\t\t\t\t\t\t\t\t\t\t<a href=\"https:\/\/aeropuertotexcoco.mx\/wp-content\/uploads\/2025\/03\/Tomo2.png\" data-elementor-open-lightbox=\"yes\" data-elementor-lightbox-title=\"Tomo2\" data-e-action-hash=\"#elementor-action%3Aaction%3Dlightbox%26settings%3DeyJpZCI6MjI3LCJ1cmwiOiJodHRwczpcL1wvYWVyb3B1ZXJ0b3RleGNvY28ubXhcL3dwLWNvbnRlbnRcL3VwbG9hZHNcLzIwMjVcLzAzXC9Ub21vMi5wbmcifQ%3D%3D\">\n\t\t\t\t\t\t\t<img fetchpriority=\"high\" decoding=\"async\" width=\"502\" height=\"580\" src=\"https:\/\/aeropuertotexcoco.mx\/wp-content\/uploads\/2025\/03\/Tomo2.png\" class=\"attachment-large size-large wp-image-227\" alt=\"\" srcset=\"https:\/\/aeropuertotexcoco.mx\/wp-content\/uploads\/2025\/03\/Tomo2.png 502w, https:\/\/aeropuertotexcoco.mx\/wp-content\/uploads\/2025\/03\/Tomo2-260x300.png 260w\" sizes=\"(max-width: 502px) 100vw, 502px\" \/>\t\t\t\t\t\t\t\t<\/a>\n\t\t\t\t\t\t\t\t\t\t\t\t\t\t\t<\/div>\n\t\t\t\t<\/div>\n\t\t\t\t<div class=\"elementor-element elementor-element-c5f00fa elementor-widget-mobile__width-initial elementor-widget elementor-widget-heading\" data-id=\"c5f00fa\" data-element_type=\"widget\" data-widget_type=\"heading.default\">\n\t\t\t\t<div class=\"elementor-widget-container\">\n\t\t\t\t\t<h2 class=\"elementor-heading-title elementor-size-default\">Texcoco. La decisi\u00f3n del Presidente<br>La historia contada por sus protagonistas<\/h2>\t\t\t\t<\/div>\n\t\t\t\t<\/div>\n\t\t\t\t<\/div>\n\t\t\t\t<div class=\"elementor-element elementor-element-7ef8924 elementor-widget elementor-widget-heading\" data-id=\"7ef8924\" data-element_type=\"widget\" data-widget_type=\"heading.default\">\n\t\t\t\t<div class=\"elementor-widget-container\">\n\t\t\t\t\t<h3 class=\"elementor-heading-title elementor-size-default\">VOLUMEN 2. T\u00c9CNICOS Y ESPECIALISTAS<\/h3>\t\t\t\t<\/div>\n\t\t\t\t<\/div>\n\t\t\t\t<div class=\"elementor-element elementor-element-bc1f3a0 elementor-widget elementor-widget-heading\" data-id=\"bc1f3a0\" data-element_type=\"widget\" data-widget_type=\"heading.default\">\n\t\t\t\t<div class=\"elementor-widget-container\">\n\t\t\t\t\t<h4 class=\"elementor-heading-title elementor-size-default\">Enrique C\u00e1rdenas S\u00e1nchez (editor)<\/h4>\t\t\t\t<\/div>\n\t\t\t\t<\/div>\n\t\t\t\t<div class=\"elementor-element elementor-element-baeac4e elementor-widget elementor-widget-text-editor\" data-id=\"baeac4e\" data-element_type=\"widget\" data-widget_type=\"text-editor.default\">\n\t\t\t\t<div class=\"elementor-widget-container\">\n\t\t\t\t\t\t\t\t\t<p>Construir un aeropuerto es una tarea muy complicada, y m\u00e1s si se toma en cuenta la dimensi\u00f3n de la Ciudad de M\u00e9xico, la orograf\u00eda accidentada y compleja que la rodea, as\u00ed como las caracter\u00edsticas de los terrenos en donde se podr\u00eda construir un aeropuerto que satisficiera las necesidades presentes y futuras de los servicios aeroportuarios del Valle de M\u00e9xico. En este tomo, se incluye el testimonio de uno de los realizadores del proyecto arquitect\u00f3nico del Nuevo Aeropuerto Internacional de la Ciudad de M\u00e9xico, as\u00ed como diversos relatos de quienes hicieron o estuvieron muy cerca de los estudios especializados, la gesti\u00f3n del proyecto y las decisiones que habr\u00edan de tomar los funcionarios. De esta manera, se presenta a la mayor parte de los protagonistas que conocen de los temas t\u00e9cnicos e hicieron los estudios aeron\u00e1uticos, que incluyeron a pilotos y controladores a\u00e9reos, adem\u00e1s de los estudios urbanos, de ingenier\u00eda civil e hidr\u00e1ulica, as\u00ed como ambientales.<\/p><p>La serie de testimonios de estos especialistas muestra la seriedad y complejidad de los estudios realizados, las dificultades y los obst\u00e1culos que enfrentaron, as\u00ed como las soluciones que se presentaban. Asimismo, deja constancia de que el proyecto del aeropuerto en Texcoco fue minuciosamente planeado, con altos est\u00e1ndares, y con una ejecuci\u00f3n que estaba poco m\u00e1s del 30 % avanzada al momento de la cancelaci\u00f3n.<\/p>\t\t\t\t\t\t\t\t<\/div>\n\t\t\t\t<\/div>\n\t\t\t\t<div class=\"elementor-element elementor-element-2d4dd67 elementor-widget elementor-widget-text-editor\" data-id=\"2d4dd67\" data-element_type=\"widget\" data-widget_type=\"text-editor.default\">\n\t\t\t\t<div class=\"elementor-widget-container\">\n\t\t\t\t\t\t\t\t\t<p><strong>Testimonios en este volumen:<\/strong><\/p>\t\t\t\t\t\t\t\t<\/div>\n\t\t\t\t<\/div>\n\t\t\t\t<div class=\"elementor-element elementor-element-8b31952 elementor-widget elementor-widget-text-editor\" data-id=\"8b31952\" data-element_type=\"widget\" data-widget_type=\"text-editor.default\">\n\t\t\t\t<div class=\"elementor-widget-container\">\n\t\t\t\t\t\t\t\t\t<p><span style=\"font-weight: 400;\"><strong>Especialistas aeron\u00e1uticos<br \/><\/strong><\/span><span style=\"font-weight: 400;\">Jes\u00fas Ram\u00edrez Stabros, Heriberto Salazar, Jorge Abadie V\u00e1zquez, Mar\u00eda Larriva Sahd, Bernardo Lisker y Robert Kleinhans, Jes\u00fas Navarro<\/span><\/p><p><span style=\"font-weight: 400;\"><strong>Arquitectos, ingenieros y ambientalistas<\/strong><br \/><\/span><span style=\"font-weight: 400;\">Roberto Eibenschutz, Mauricio Ceballos, Jos\u00e9 Antonio Ortega Rivero, Luis Francisco Robledo, Ofelia Garibay Ruiz, Jos\u00e9 Albarr\u00e1n N\u00fa\u00f1ez, Gabriel Quadri, Jos\u00e9 Luis Luege Tamargo, Luis Zambrano<\/span><\/p>\t\t\t\t\t\t\t\t<\/div>\n\t\t\t\t<\/div>\n\t\t\t\t<\/div>\n\t\t\t\t\t<\/div>\n\t\t\t\t<\/div>\n\t\t<div class=\"elementor-element elementor-element-9d254a0 e-flex e-con-boxed e-con e-parent\" data-id=\"9d254a0\" data-element_type=\"container\">\n\t\t\t\t\t<div class=\"e-con-inner\">\n\t\t\t\t<div class=\"elementor-element elementor-element-ab2fc20 elementor-widget elementor-widget-heading\" data-id=\"ab2fc20\" data-element_type=\"widget\" data-widget_type=\"heading.default\">\n\t\t\t\t<div class=\"elementor-widget-container\">\n\t\t\t\t\t<h3 class=\"elementor-heading-title elementor-size-default\">Otros Vol\u00famenes<\/h3>\t\t\t\t<\/div>\n\t\t\t\t<\/div>\n\t\t\t\t<div class=\"elementor-element elementor-element-44f32ac elementor-widget-divider--view-line elementor-widget elementor-widget-divider\" data-id=\"44f32ac\" data-element_type=\"widget\" data-widget_type=\"divider.default\">\n\t\t\t\t<div class=\"elementor-widget-container\">\n\t\t\t\t\t\t\t<div class=\"elementor-divider\">\n\t\t\t<span class=\"elementor-divider-separator\">\n\t\t\t\t\t\t<\/span>\n\t\t<\/div>\n\t\t\t\t\t\t<\/div>\n\t\t\t\t<\/div>\n\t\t<div class=\"elementor-element elementor-element-644c70d e-con-full e-flex e-con e-child\" data-id=\"644c70d\" data-element_type=\"container\">\n\t\t<div class=\"elementor-element elementor-element-cccdbc4 e-con-full e-flex e-con e-child\" data-id=\"cccdbc4\" data-element_type=\"container\">\n\t\t\t\t<div class=\"elementor-element elementor-element-ffaff1a elementor-widget-mobile__width-initial elementor-widget elementor-widget-image\" data-id=\"ffaff1a\" data-element_type=\"widget\" data-widget_type=\"image.default\">\n\t\t\t\t<div class=\"elementor-widget-container\">\n\t\t\t\t\t\t\t\t\t\t\t\t\t\t\t\t<a href=\"https:\/\/aeropuertotexcoco.mx\/?page_id=1099\">\n\t\t\t\t\t\t\t<img decoding=\"async\" width=\"260\" height=\"300\" src=\"https:\/\/aeropuertotexcoco.mx\/wp-content\/uploads\/2025\/03\/Tomo1-260x300.png\" class=\"attachment-medium size-medium wp-image-226\" alt=\"\" srcset=\"https:\/\/aeropuertotexcoco.mx\/wp-content\/uploads\/2025\/03\/Tomo1-260x300.png 260w, https:\/\/aeropuertotexcoco.mx\/wp-content\/uploads\/2025\/03\/Tomo1.png 502w\" sizes=\"(max-width: 260px) 100vw, 260px\" \/>\t\t\t\t\t\t\t\t<\/a>\n\t\t\t\t\t\t\t\t\t\t\t\t\t\t\t<\/div>\n\t\t\t\t<\/div>\n\t\t<div class=\"elementor-element elementor-element-7ca7c6f e-con-full e-flex e-con e-child\" data-id=\"7ca7c6f\" data-element_type=\"container\">\n\t\t\t\t<div class=\"elementor-element elementor-element-60f9f0f elementor-widget elementor-widget-heading\" data-id=\"60f9f0f\" data-element_type=\"widget\" data-widget_type=\"heading.default\">\n\t\t\t\t<div class=\"elementor-widget-container\">\n\t\t\t\t\t<h3 class=\"elementor-heading-title elementor-size-default\">VOLUMEN 1<\/h3>\t\t\t\t<\/div>\n\t\t\t\t<\/div>\n\t\t\t\t<div class=\"elementor-element elementor-element-f2efcb5 elementor-widget elementor-widget-heading\" data-id=\"f2efcb5\" data-element_type=\"widget\" data-widget_type=\"heading.default\">\n\t\t\t\t<div class=\"elementor-widget-container\">\n\t\t\t\t\t<h4 class=\"elementor-heading-title elementor-size-default\">FUNCIONARIOS P\u00daBLICOS<\/h4>\t\t\t\t<\/div>\n\t\t\t\t<\/div>\n\t\t\t\t<\/div>\n\t\t\t\t<\/div>\n\t\t<div class=\"elementor-element elementor-element-7390757 e-con-full e-flex e-con e-child\" data-id=\"7390757\" data-element_type=\"container\">\n\t\t\t\t<div class=\"elementor-element elementor-element-f021666 elementor-widget-mobile__width-initial elementor-widget elementor-widget-image\" data-id=\"f021666\" data-element_type=\"widget\" data-widget_type=\"image.default\">\n\t\t\t\t<div class=\"elementor-widget-container\">\n\t\t\t\t\t\t\t\t\t\t\t\t\t\t\t\t<a href=\"https:\/\/aeropuertotexcoco.mx\/?page_id=1424\">\n\t\t\t\t\t\t\t<img decoding=\"async\" width=\"260\" height=\"300\" src=\"https:\/\/aeropuertotexcoco.mx\/wp-content\/uploads\/2025\/03\/Tomo3-260x300.png\" class=\"attachment-medium size-medium wp-image-228\" alt=\"\" srcset=\"https:\/\/aeropuertotexcoco.mx\/wp-content\/uploads\/2025\/03\/Tomo3-260x300.png 260w, https:\/\/aeropuertotexcoco.mx\/wp-content\/uploads\/2025\/03\/Tomo3.png 502w\" sizes=\"(max-width: 260px) 100vw, 260px\" \/>\t\t\t\t\t\t\t\t<\/a>\n\t\t\t\t\t\t\t\t\t\t\t\t\t\t\t<\/div>\n\t\t\t\t<\/div>\n\t\t<div class=\"elementor-element elementor-element-56bc69a e-con-full e-flex e-con e-child\" data-id=\"56bc69a\" data-element_type=\"container\">\n\t\t\t\t<div class=\"elementor-element elementor-element-8438e04 elementor-widget elementor-widget-heading\" data-id=\"8438e04\" data-element_type=\"widget\" data-widget_type=\"heading.default\">\n\t\t\t\t<div class=\"elementor-widget-container\">\n\t\t\t\t\t<h3 class=\"elementor-heading-title elementor-size-default\">VOLUMEN 3<\/h3>\t\t\t\t<\/div>\n\t\t\t\t<\/div>\n\t\t\t\t<div class=\"elementor-element elementor-element-d50b980 elementor-widget elementor-widget-heading\" data-id=\"d50b980\" data-element_type=\"widget\" data-widget_type=\"heading.default\">\n\t\t\t\t<div class=\"elementor-widget-container\">\n\t\t\t\t\t<h4 class=\"elementor-heading-title elementor-size-default\">Organizaciones Sociales y Analistas<\/h4>\t\t\t\t<\/div>\n\t\t\t\t<\/div>\n\t\t\t\t<\/div>\n\t\t\t\t<\/div>\n\t\t\t\t<\/div>\n\t\t\t\t\t<\/div>\n\t\t\t\t<\/div>\n\t\t<div class=\"elementor-element elementor-element-fa30d7a e-flex e-con-boxed e-con e-parent\" data-id=\"fa30d7a\" data-element_type=\"container\" data-settings=\"{&quot;background_background&quot;:&quot;classic&quot;}\">\n\t\t\t\t\t<div class=\"e-con-inner\">\n\t\t\t\t<div class=\"elementor-element elementor-element-eae1bc0 elementor-widget-mobile__width-initial elementor-widget elementor-widget-image\" data-id=\"eae1bc0\" data-element_type=\"widget\" data-widget_type=\"image.default\">\n\t\t\t\t<div class=\"elementor-widget-container\">\n\t\t\t\t\t\t\t\t\t\t\t\t\t\t\t<img loading=\"lazy\" decoding=\"async\" width=\"138\" height=\"138\" src=\"https:\/\/aeropuertotexcoco.mx\/wp-content\/uploads\/2025\/08\/icono-libros-ceey.png\" class=\"attachment-large size-large wp-image-1124\" alt=\"\" \/>\t\t\t\t\t\t\t\t\t\t\t\t\t\t\t<\/div>\n\t\t\t\t<\/div>\n\t\t\t\t<div class=\"elementor-element elementor-element-e231beb elementor-widget-mobile__width-initial elementor-widget elementor-widget-text-editor\" data-id=\"e231beb\" data-element_type=\"widget\" data-widget_type=\"text-editor.default\">\n\t\t\t\t<div class=\"elementor-widget-container\">\n\t\t\t\t\t\t\t\t\t<p>Si quieres un ejemplar impreso gratuito, escr\u00edbenos a <a style=\"color: #224c54;\" href=\"mailto:editorial@ceey.org.mx\">editorial@ceey.org.mx<\/a> (el libro se recoge en Coyoac\u00e1n, Cd. de M\u00e9xico).<\/p>\t\t\t\t\t\t\t\t<\/div>\n\t\t\t\t<\/div>\n\t\t\t\t\t<\/div>\n\t\t\t\t<\/div>\n\t\t\t\t<\/div>\n\t\t","protected":false},"excerpt":{"rendered":"<p>Descarga Texcoco. La decisi\u00f3n del PresidenteLa historia contada por sus protagonistas VOLUMEN 2. T\u00c9CNICOS Y ESPECIALISTAS Enrique C\u00e1rdenas S\u00e1nchez (editor) Construir un aeropuerto es una tarea muy complicada, y m\u00e1s si se toma en cuenta la dimensi\u00f3n de la Ciudad de M\u00e9xico, la orograf\u00eda accidentada y compleja que la rodea, as\u00ed como las caracter\u00edsticas de [&hellip;]<\/p>\n","protected":false},"author":2,"featured_media":0,"parent":0,"menu_order":0,"comment_status":"closed","ping_status":"closed","template":"","meta":{"footnotes":""},"class_list":["post-1413","page","type-page","status-publish","hentry"],"_links":{"self":[{"href":"https:\/\/aeropuertotexcoco.mx\/index.php?rest_route=\/wp\/v2\/pages\/1413","targetHints":{"allow":["GET"]}}],"collection":[{"href":"https:\/\/aeropuertotexcoco.mx\/index.php?rest_route=\/wp\/v2\/pages"}],"about":[{"href":"https:\/\/aeropuertotexcoco.mx\/index.php?rest_route=\/wp\/v2\/types\/page"}],"author":[{"embeddable":true,"href":"https:\/\/aeropuertotexcoco.mx\/index.php?rest_route=\/wp\/v2\/users\/2"}],"replies":[{"embeddable":true,"href":"https:\/\/aeropuertotexcoco.mx\/index.php?rest_route=%2Fwp%2Fv2%2Fcomments&post=1413"}],"version-history":[{"count":10,"href":"https:\/\/aeropuertotexcoco.mx\/index.php?rest_route=\/wp\/v2\/pages\/1413\/revisions"}],"predecessor-version":[{"id":1447,"href":"https:\/\/aeropuertotexcoco.mx\/index.php?rest_route=\/wp\/v2\/pages\/1413\/revisions\/1447"}],"wp:attachment":[{"href":"https:\/\/aeropuertotexcoco.mx\/index.php?rest_route=%2Fwp%2Fv2%2Fmedia&parent=1413"}],"curies":[{"name":"wp","href":"https:\/\/api.w.org\/{rel}","templated":true}]}}