{"id":1099,"date":"2025-08-19T12:55:16","date_gmt":"2025-08-19T18:55:16","guid":{"rendered":"https:\/\/aeropuertotexcoco.mx\/?page_id=1099"},"modified":"2025-08-28T21:31:24","modified_gmt":"2025-08-29T03:31:24","slug":"volumen-1-funcionarios-publicos","status":"publish","type":"page","link":"https:\/\/aeropuertotexcoco.mx\/?page_id=1099","title":{"rendered":"VOLUMEN 1 FUNCIONARIOS P\u00daBLICOS"},"content":{"rendered":"\t\t<div data-elementor-type=\"wp-page\" data-elementor-id=\"1099\" class=\"elementor elementor-1099\" data-elementor-post-type=\"page\">\n\t\t\t\t<div class=\"elementor-element elementor-element-b342df1 e-flex e-con-boxed e-con e-parent\" data-id=\"b342df1\" data-element_type=\"container\">\n\t\t\t\t\t<div class=\"e-con-inner\">\n\t\t<div class=\"elementor-element elementor-element-fd14fa0 e-con-full e-flex e-con e-child\" data-id=\"fd14fa0\" data-element_type=\"container\">\n\t\t\t\t<div class=\"elementor-element elementor-element-f330581 elementor-widget-mobile__width-initial elementor-hidden-mobile elementor-widget elementor-widget-image\" data-id=\"f330581\" data-element_type=\"widget\" data-widget_type=\"image.default\">\n\t\t\t\t<div class=\"elementor-widget-container\">\n\t\t\t\t\t\t\t\t\t\t\t\t\t\t\t<img fetchpriority=\"high\" decoding=\"async\" width=\"502\" height=\"580\" src=\"https:\/\/aeropuertotexcoco.mx\/wp-content\/uploads\/2025\/03\/Tomo1.png\" class=\"attachment-large size-large wp-image-226\" alt=\"\" srcset=\"https:\/\/aeropuertotexcoco.mx\/wp-content\/uploads\/2025\/03\/Tomo1.png 502w, https:\/\/aeropuertotexcoco.mx\/wp-content\/uploads\/2025\/03\/Tomo1-260x300.png 260w\" sizes=\"(max-width: 502px) 100vw, 502px\" \/>\t\t\t\t\t\t\t\t\t\t\t\t\t\t\t<\/div>\n\t\t\t\t<\/div>\n\t\t\t\t<div class=\"elementor-element elementor-element-fb4df8e elementor-align-center elementor-widget-mobile__width-initial elementor-widget elementor-widget-button\" data-id=\"fb4df8e\" data-element_type=\"widget\" data-widget_type=\"button.default\">\n\t\t\t\t<div class=\"elementor-widget-container\">\n\t\t\t\t\t\t\t\t\t<div class=\"elementor-button-wrapper\">\n\t\t\t\t\t<a class=\"elementor-button elementor-button-link elementor-size-sm\" href=\"https:\/\/documentales.ceey.org.mx\/wp-content\/uploads\/2025\/03\/TEXCOCO.-La-decision-del-presidente-VOL-1.pdf\">\n\t\t\t\t\t\t<span class=\"elementor-button-content-wrapper\">\n\t\t\t\t\t\t\t\t\t<span class=\"elementor-button-text\">Descarga<\/span>\n\t\t\t\t\t<\/span>\n\t\t\t\t\t<\/a>\n\t\t\t\t<\/div>\n\t\t\t\t\t\t\t\t<\/div>\n\t\t\t\t<\/div>\n\t\t\t\t<\/div>\n\t\t<div class=\"elementor-element elementor-element-c5478e1 e-con-full e-flex e-con e-child\" data-id=\"c5478e1\" data-element_type=\"container\">\n\t\t<div class=\"elementor-element elementor-element-4c5ab7e e-con-full e-flex e-con e-child\" data-id=\"4c5ab7e\" data-element_type=\"container\">\n\t\t\t\t<div class=\"elementor-element elementor-element-66b77f1 elementor-widget-mobile__width-initial elementor-hidden-desktop elementor-hidden-tablet elementor-widget elementor-widget-image\" data-id=\"66b77f1\" data-element_type=\"widget\" data-widget_type=\"image.default\">\n\t\t\t\t<div class=\"elementor-widget-container\">\n\t\t\t\t\t\t\t\t\t\t\t\t\t\t\t\t<a href=\"https:\/\/aeropuertotexcoco.mx\/wp-content\/uploads\/2025\/03\/Tomo1.png\" data-elementor-open-lightbox=\"yes\" data-elementor-lightbox-title=\"Tomo1\" data-e-action-hash=\"#elementor-action%3Aaction%3Dlightbox%26settings%3DeyJpZCI6MjI2LCJ1cmwiOiJodHRwczpcL1wvYWVyb3B1ZXJ0b3RleGNvY28ubXhcL3dwLWNvbnRlbnRcL3VwbG9hZHNcLzIwMjVcLzAzXC9Ub21vMS5wbmcifQ%3D%3D\">\n\t\t\t\t\t\t\t<img fetchpriority=\"high\" decoding=\"async\" width=\"502\" height=\"580\" src=\"https:\/\/aeropuertotexcoco.mx\/wp-content\/uploads\/2025\/03\/Tomo1.png\" class=\"attachment-large size-large wp-image-226\" alt=\"\" srcset=\"https:\/\/aeropuertotexcoco.mx\/wp-content\/uploads\/2025\/03\/Tomo1.png 502w, https:\/\/aeropuertotexcoco.mx\/wp-content\/uploads\/2025\/03\/Tomo1-260x300.png 260w\" sizes=\"(max-width: 502px) 100vw, 502px\" \/>\t\t\t\t\t\t\t\t<\/a>\n\t\t\t\t\t\t\t\t\t\t\t\t\t\t\t<\/div>\n\t\t\t\t<\/div>\n\t\t\t\t<div class=\"elementor-element elementor-element-c5f00fa elementor-widget-mobile__width-initial elementor-widget elementor-widget-heading\" data-id=\"c5f00fa\" data-element_type=\"widget\" data-widget_type=\"heading.default\">\n\t\t\t\t<div class=\"elementor-widget-container\">\n\t\t\t\t\t<h2 class=\"elementor-heading-title elementor-size-default\">Texcoco. La decisi\u00f3n del Presidente<br>La historia contada por sus protagonistas<\/h2>\t\t\t\t<\/div>\n\t\t\t\t<\/div>\n\t\t\t\t<\/div>\n\t\t\t\t<div class=\"elementor-element elementor-element-7ef8924 elementor-widget elementor-widget-heading\" data-id=\"7ef8924\" data-element_type=\"widget\" data-widget_type=\"heading.default\">\n\t\t\t\t<div class=\"elementor-widget-container\">\n\t\t\t\t\t<h3 class=\"elementor-heading-title elementor-size-default\">Volumen 1. Funcionarios p\u00fablicos<\/h3>\t\t\t\t<\/div>\n\t\t\t\t<\/div>\n\t\t\t\t<div class=\"elementor-element elementor-element-bc1f3a0 elementor-widget elementor-widget-heading\" data-id=\"bc1f3a0\" data-element_type=\"widget\" data-widget_type=\"heading.default\">\n\t\t\t\t<div class=\"elementor-widget-container\">\n\t\t\t\t\t<h4 class=\"elementor-heading-title elementor-size-default\">Enrique C\u00e1rdenas S\u00e1nchez (editor)<\/h4>\t\t\t\t<\/div>\n\t\t\t\t<\/div>\n\t\t\t\t<div class=\"elementor-element elementor-element-baeac4e elementor-widget elementor-widget-text-editor\" data-id=\"baeac4e\" data-element_type=\"widget\" data-widget_type=\"text-editor.default\">\n\t\t\t\t<div class=\"elementor-widget-container\">\n\t\t\t\t\t\t\t\t\t<p>El proceso para resolver la saturaci\u00f3n y obsolescencia del Aeropuerto Internacional de la Ciudad de M\u00e9xico transcurri\u00f3 a lo largo de m\u00e1s de cuatro sexenios presidenciales. Desde finales del periodo de Ernesto Zedillo hasta el de Andr\u00e9s Manuel L\u00f3pez Obrador, se presentaron estudios, planes y diversas alternativas para decidir d\u00f3nde habr\u00eda de ubicarse el nuevo aeropuerto de la capital del pa\u00eds y qu\u00e9 caracter\u00edsticas deber\u00eda tener. La actividad gubernamental fue incesante, como lo fue tambi\u00e9n la reacci\u00f3n de la sociedad ante un proyecto que fue evolucionando a lo largo del tiempo y de las circunstancias del pa\u00eds, y que finalmente desemboc\u00f3 en una alternativa que no resuelve el problema de saturaci\u00f3n que se plante\u00f3 en un inicio.<\/p><p>Este tomo presenta los testimonios de tres de los cuatro presidentes involucrados, as\u00ed como de altos funcionarios responsables de la toma de decisiones durante todos estos a\u00f1os, en gobiernos de distintos signos pol\u00edticos, que marcaron el desenlace. Se abordan los temas financieros, urbanos, de transporte y de las implicaciones econ\u00f3micas y sociales del proyecto aeroportuario. Se incluye tambi\u00e9n el testimonio de los responsables directos del proyecto al encabezar el Grupo Aeroportuario de la Ciudad de M\u00e9xico. Entre todos ellos, dibujan con claridad el proceso que sigui\u00f3 el proyecto del aeropuerto de Texcoco, desde aquel iniciado por el presidente Vicente Fox y su cancelaci\u00f3n por los disturbios sociales, hasta la planeaci\u00f3n, el inicio y la cancelaci\u00f3n del Nuevo Aeropuerto Internacional de la Ciudad de M\u00e9xico.<\/p>\t\t\t\t\t\t\t\t<\/div>\n\t\t\t\t<\/div>\n\t\t\t\t<div class=\"elementor-element elementor-element-2d4dd67 elementor-widget elementor-widget-text-editor\" data-id=\"2d4dd67\" data-element_type=\"widget\" data-widget_type=\"text-editor.default\">\n\t\t\t\t<div class=\"elementor-widget-container\">\n\t\t\t\t\t\t\t\t\t<p><strong>Testimonios en este volumen:<\/strong><\/p>\t\t\t\t\t\t\t\t<\/div>\n\t\t\t\t<\/div>\n\t\t\t\t<div class=\"elementor-element elementor-element-8b31952 elementor-widget elementor-widget-text-editor\" data-id=\"8b31952\" data-element_type=\"widget\" data-widget_type=\"text-editor.default\">\n\t\t\t\t<div class=\"elementor-widget-container\">\n\t\t\t\t\t\t\t\t\t<p><span style=\"font-weight: 400;\"><strong>Presidentes de la Rep\u00fablica<\/strong><br \/><\/span><span style=\"font-weight: 400;\">Vicente Fox Quesada, Felipe Calder\u00f3n Hinojosa, Enrique Pe\u00f1a Nieto<\/span><\/p><p><span style=\"font-weight: 400;\"><strong>Hacienda y finanzas<\/strong><br \/><\/span><span style=\"font-weight: 400;\">Carlos Urz\u00faa, Arturo Herrera, Salom\u00f3n Chertorivski, Jos\u00e9 \u00c1ngel Gurr\u00eda, Agust\u00edn Caso Raphael, Miguel Messmacher<\/span><\/p><p><span style=\"font-weight: 400;\"><strong>Comunicaciones y transportes<\/strong><br \/><\/span><span style=\"font-weight: 400;\">Pedro Cerisola, Luis T\u00e9llez, Yuriria Mascott P\u00e9rez, Javier Jim\u00e9nez Espri\u00fa, Carlos Mor\u00e1n Moguel<\/span><\/p><p><span style=\"font-weight: 400;\"><strong>Presidencia, canciller\u00eda, turismo y desarrollo social<\/strong><br \/><\/span><span style=\"font-weight: 400;\">Jorge Casta\u00f1eda, Aurelio Nu\u00f1o, Enrique de la Madrid, Rosario Robles, Tatiana Clouthier<\/span><\/p><p><span style=\"font-weight: 400;\"><strong>Grupo Aeroportuario de la Ciudad de M\u00e9xico<\/strong><br \/><\/span><span style=\"font-weight: 400;\">Federico Pati\u00f1o, Gerardo Ferrando Bravo<\/span><\/p>\t\t\t\t\t\t\t\t<\/div>\n\t\t\t\t<\/div>\n\t\t\t\t<\/div>\n\t\t\t\t\t<\/div>\n\t\t\t\t<\/div>\n\t\t<div class=\"elementor-element elementor-element-9d254a0 e-flex e-con-boxed e-con e-parent\" data-id=\"9d254a0\" data-element_type=\"container\">\n\t\t\t\t\t<div class=\"e-con-inner\">\n\t\t\t\t<div class=\"elementor-element elementor-element-ab2fc20 elementor-widget elementor-widget-heading\" data-id=\"ab2fc20\" data-element_type=\"widget\" data-widget_type=\"heading.default\">\n\t\t\t\t<div class=\"elementor-widget-container\">\n\t\t\t\t\t<h3 class=\"elementor-heading-title elementor-size-default\">Otros Vol\u00famenes<\/h3>\t\t\t\t<\/div>\n\t\t\t\t<\/div>\n\t\t\t\t<div class=\"elementor-element elementor-element-44f32ac elementor-widget-divider--view-line elementor-widget elementor-widget-divider\" data-id=\"44f32ac\" data-element_type=\"widget\" data-widget_type=\"divider.default\">\n\t\t\t\t<div class=\"elementor-widget-container\">\n\t\t\t\t\t\t\t<div class=\"elementor-divider\">\n\t\t\t<span class=\"elementor-divider-separator\">\n\t\t\t\t\t\t<\/span>\n\t\t<\/div>\n\t\t\t\t\t\t<\/div>\n\t\t\t\t<\/div>\n\t\t<div class=\"elementor-element elementor-element-644c70d e-con-full e-flex e-con e-child\" data-id=\"644c70d\" data-element_type=\"container\">\n\t\t<div class=\"elementor-element elementor-element-cccdbc4 e-con-full e-flex e-con e-child\" data-id=\"cccdbc4\" data-element_type=\"container\">\n\t\t\t\t<div class=\"elementor-element elementor-element-ffaff1a elementor-widget-mobile__width-initial elementor-widget elementor-widget-image\" data-id=\"ffaff1a\" data-element_type=\"widget\" data-widget_type=\"image.default\">\n\t\t\t\t<div class=\"elementor-widget-container\">\n\t\t\t\t\t\t\t\t\t\t\t\t\t\t\t\t<a href=\"https:\/\/aeropuertotexcoco.mx\/?page_id=1413\">\n\t\t\t\t\t\t\t<img decoding=\"async\" width=\"260\" height=\"300\" src=\"https:\/\/aeropuertotexcoco.mx\/wp-content\/uploads\/2025\/03\/Tomo2-260x300.png\" class=\"attachment-medium size-medium wp-image-227\" alt=\"\" srcset=\"https:\/\/aeropuertotexcoco.mx\/wp-content\/uploads\/2025\/03\/Tomo2-260x300.png 260w, https:\/\/aeropuertotexcoco.mx\/wp-content\/uploads\/2025\/03\/Tomo2.png 502w\" sizes=\"(max-width: 260px) 100vw, 260px\" \/>\t\t\t\t\t\t\t\t<\/a>\n\t\t\t\t\t\t\t\t\t\t\t\t\t\t\t<\/div>\n\t\t\t\t<\/div>\n\t\t<div class=\"elementor-element elementor-element-7ca7c6f e-con-full e-flex e-con e-child\" data-id=\"7ca7c6f\" data-element_type=\"container\">\n\t\t\t\t<div class=\"elementor-element elementor-element-60f9f0f elementor-widget elementor-widget-heading\" data-id=\"60f9f0f\" data-element_type=\"widget\" data-widget_type=\"heading.default\">\n\t\t\t\t<div class=\"elementor-widget-container\">\n\t\t\t\t\t<h3 class=\"elementor-heading-title elementor-size-default\">VOLUMEN 2<\/h3>\t\t\t\t<\/div>\n\t\t\t\t<\/div>\n\t\t\t\t<div class=\"elementor-element elementor-element-f2efcb5 elementor-widget elementor-widget-heading\" data-id=\"f2efcb5\" data-element_type=\"widget\" data-widget_type=\"heading.default\">\n\t\t\t\t<div class=\"elementor-widget-container\">\n\t\t\t\t\t<h4 class=\"elementor-heading-title elementor-size-default\">T\u00e9cnicos y \nespecialistas<\/h4>\t\t\t\t<\/div>\n\t\t\t\t<\/div>\n\t\t\t\t<\/div>\n\t\t\t\t<\/div>\n\t\t<div class=\"elementor-element elementor-element-7390757 e-con-full e-flex e-con e-child\" data-id=\"7390757\" data-element_type=\"container\">\n\t\t\t\t<div class=\"elementor-element elementor-element-f021666 elementor-widget-mobile__width-initial elementor-widget elementor-widget-image\" data-id=\"f021666\" data-element_type=\"widget\" data-widget_type=\"image.default\">\n\t\t\t\t<div class=\"elementor-widget-container\">\n\t\t\t\t\t\t\t\t\t\t\t\t\t\t\t\t<a href=\"https:\/\/aeropuertotexcoco.mx\/?page_id=1424\">\n\t\t\t\t\t\t\t<img decoding=\"async\" width=\"260\" height=\"300\" src=\"https:\/\/aeropuertotexcoco.mx\/wp-content\/uploads\/2025\/03\/Tomo3-260x300.png\" class=\"attachment-medium size-medium wp-image-228\" alt=\"\" srcset=\"https:\/\/aeropuertotexcoco.mx\/wp-content\/uploads\/2025\/03\/Tomo3-260x300.png 260w, https:\/\/aeropuertotexcoco.mx\/wp-content\/uploads\/2025\/03\/Tomo3.png 502w\" sizes=\"(max-width: 260px) 100vw, 260px\" \/>\t\t\t\t\t\t\t\t<\/a>\n\t\t\t\t\t\t\t\t\t\t\t\t\t\t\t<\/div>\n\t\t\t\t<\/div>\n\t\t<div class=\"elementor-element elementor-element-56bc69a e-con-full e-flex e-con e-child\" data-id=\"56bc69a\" data-element_type=\"container\">\n\t\t\t\t<div class=\"elementor-element elementor-element-8438e04 elementor-widget elementor-widget-heading\" data-id=\"8438e04\" data-element_type=\"widget\" data-widget_type=\"heading.default\">\n\t\t\t\t<div class=\"elementor-widget-container\">\n\t\t\t\t\t<h3 class=\"elementor-heading-title elementor-size-default\">VOLUMEN 3<\/h3>\t\t\t\t<\/div>\n\t\t\t\t<\/div>\n\t\t\t\t<div class=\"elementor-element elementor-element-d50b980 elementor-widget elementor-widget-heading\" data-id=\"d50b980\" data-element_type=\"widget\" data-widget_type=\"heading.default\">\n\t\t\t\t<div class=\"elementor-widget-container\">\n\t\t\t\t\t<h4 class=\"elementor-heading-title elementor-size-default\">Organizaciones Sociales y Analistas<\/h4>\t\t\t\t<\/div>\n\t\t\t\t<\/div>\n\t\t\t\t<\/div>\n\t\t\t\t<\/div>\n\t\t\t\t<\/div>\n\t\t\t\t\t<\/div>\n\t\t\t\t<\/div>\n\t\t<div class=\"elementor-element elementor-element-fa30d7a e-flex e-con-boxed e-con e-parent\" data-id=\"fa30d7a\" data-element_type=\"container\" data-settings=\"{&quot;background_background&quot;:&quot;classic&quot;}\">\n\t\t\t\t\t<div class=\"e-con-inner\">\n\t\t\t\t<div class=\"elementor-element elementor-element-eae1bc0 elementor-widget-mobile__width-initial elementor-widget elementor-widget-image\" data-id=\"eae1bc0\" data-element_type=\"widget\" data-widget_type=\"image.default\">\n\t\t\t\t<div class=\"elementor-widget-container\">\n\t\t\t\t\t\t\t\t\t\t\t\t\t\t\t<img loading=\"lazy\" decoding=\"async\" width=\"138\" height=\"138\" src=\"https:\/\/aeropuertotexcoco.mx\/wp-content\/uploads\/2025\/08\/icono-libros-ceey.png\" class=\"attachment-large size-large wp-image-1124\" alt=\"\" \/>\t\t\t\t\t\t\t\t\t\t\t\t\t\t\t<\/div>\n\t\t\t\t<\/div>\n\t\t\t\t<div class=\"elementor-element elementor-element-e231beb elementor-widget-mobile__width-initial elementor-widget elementor-widget-text-editor\" data-id=\"e231beb\" data-element_type=\"widget\" data-widget_type=\"text-editor.default\">\n\t\t\t\t<div class=\"elementor-widget-container\">\n\t\t\t\t\t\t\t\t\t<p>Si quieres un ejemplar impreso gratuito, escr\u00edbenos a <a style=\"color: #224c54;\" href=\"mailto:editorial@ceey.org.mx\">editorial@ceey.org.mx<\/a> (el libro se recoge en Coyoac\u00e1n, Cd. de M\u00e9xico).<\/p>\t\t\t\t\t\t\t\t<\/div>\n\t\t\t\t<\/div>\n\t\t\t\t\t<\/div>\n\t\t\t\t<\/div>\n\t\t\t\t<\/div>\n\t\t","protected":false},"excerpt":{"rendered":"<p>Descarga Texcoco. La decisi\u00f3n del PresidenteLa historia contada por sus protagonistas Volumen 1. Funcionarios p\u00fablicos Enrique C\u00e1rdenas S\u00e1nchez (editor) El proceso para resolver la saturaci\u00f3n y obsolescencia del Aeropuerto Internacional de la Ciudad de M\u00e9xico transcurri\u00f3 a lo largo de m\u00e1s de cuatro sexenios presidenciales. Desde finales del periodo de Ernesto Zedillo hasta el de [&hellip;]<\/p>\n","protected":false},"author":2,"featured_media":0,"parent":0,"menu_order":0,"comment_status":"closed","ping_status":"closed","template":"","meta":{"footnotes":""},"class_list":["post-1099","page","type-page","status-publish","hentry"],"_links":{"self":[{"href":"https:\/\/aeropuertotexcoco.mx\/index.php?rest_route=\/wp\/v2\/pages\/1099","targetHints":{"allow":["GET"]}}],"collection":[{"href":"https:\/\/aeropuertotexcoco.mx\/index.php?rest_route=\/wp\/v2\/pages"}],"about":[{"href":"https:\/\/aeropuertotexcoco.mx\/index.php?rest_route=\/wp\/v2\/types\/page"}],"author":[{"embeddable":true,"href":"https:\/\/aeropuertotexcoco.mx\/index.php?rest_route=\/wp\/v2\/users\/2"}],"replies":[{"embeddable":true,"href":"https:\/\/aeropuertotexcoco.mx\/index.php?rest_route=%2Fwp%2Fv2%2Fcomments&post=1099"}],"version-history":[{"count":128,"href":"https:\/\/aeropuertotexcoco.mx\/index.php?rest_route=\/wp\/v2\/pages\/1099\/revisions"}],"predecessor-version":[{"id":1444,"href":"https:\/\/aeropuertotexcoco.mx\/index.php?rest_route=\/wp\/v2\/pages\/1099\/revisions\/1444"}],"wp:attachment":[{"href":"https:\/\/aeropuertotexcoco.mx\/index.php?rest_route=%2Fwp%2Fv2%2Fmedia&parent=1099"}],"curies":[{"name":"wp","href":"https:\/\/api.w.org\/{rel}","templated":true}]}}